{"id":15291,"date":"2020-04-09T14:51:08","date_gmt":"2020-04-09T18:51:08","guid":{"rendered":"https:\/\/rapliq.org\/?page_id=15291"},"modified":"2020-05-01T13:55:49","modified_gmt":"2020-05-01T17:55:49","slug":"our-manifesto","status":"publish","type":"page","link":"https:\/\/rapliq.org\/en\/about-us\/our-manifesto\/","title":{"rendered":"Our Manifesto"},"content":{"rendered":"\n<div class=\"wp-block-cover has-background-dim-80 has-blue-background-color has-background-dim\" style=\"background-image:url(https:\/\/rapliq.org\/wp-content\/uploads\/2020\/04\/abstract-black-and-white-blur-book-261763-scaled.jpg)\"><div class=\"wp-block-cover__inner-container is-layout-flow wp-block-cover-is-layout-flow\">\n<h1 class=\"has-text-align-center wp-block-heading\">Our manifesto<\/h1>\n<\/div><\/div>\n\n\n<div class=\"wp-bootstrap-blocks-container container mb-5 mt-5\">\n\t\n<div class=\"wp-bootstrap-blocks-row row justify-content-center\">\n\t\n\n<div class=\"col-12 col-lg-10 col-xl-7\">\n\t<div class=\"h-100\">\n\t\t\n\n<div class=\"wp-block-group has-gray-extra-light-background-color has-background p-5\"><div class=\"wp-block-group__inner-container is-layout-flow wp-block-group-is-layout-flow\">\n<h2 class=\"wp-block-heading\">Our global refusal, <br>Our revolutionary manifesto<\/h2>\n\n\n\n<p>We are all 20th and 21st century people. Born here and there, we speak thousands of languages. We are rich and poor. Our loves are celebrated and tabooed. Our identities are multiple. Our voices are plural. Our homeland is called Qu\u00e9bec and we stand together beyond all boundaries.<\/p>\n\n\n\n<p>We&#8217;re visible and yet invisible, seen and yet unseen. We&#8217;re stigmatized as &#8216;disabled&#8217; because our bodies and minds do not conform to the ideal and imperative norm. We fight for acknowledgement of our visible and yet often unseen differences so that we may live without having to cope with the oppressive and exhausting task of conforming to standards of performance imposed upon us.<\/p>\n\n\n\n<p>We acknowledge that ableism is a system favouring oppression that is based on a hierarchy of abilities defined as &#8216;normal and required&#8217;. We are aware of, and experience, various oppressive systems, including racism, sexism, homophobia and transphobia.<\/p>\n\n\n\n<p>The authorities generally define a disability as an abnormal physical and mental behaviour. We wish to stress that the concept of normality is a human invention that appeared at the beginning of the 19th century when statistics came of age. The tragedy that strikes us, &#8216;the disabled&#8217;, does not reside in the condition of our bodies or that of our spirits, it arises from our being oppressed, excluded and marginalized as a result thereof. Even today. We are not asking to be &#8216;standardized&#8217; or to be &#8216;normalized\u2019. We do not want, nor do we require, charity. We do not want to be saved.<\/p>\n\n\n\n<p>We have been marginalized throughout history. We remember the institutional homes. We remember the forced sterilisation. We remember the freak shows. We remember the cities built without considering us, thus disabling the free exercise of our citizenship. We are trying to discover our history. It is now starting to be taught in university lectures and we know that someday it will appear in the history books. We&#8217;re aware of the fact that members of marginalized groups have, at certain points in History, been looked upon as inferior physically and mentally, in regard to the heterosexual white male norm. We remember that these groups have rejected the stigma of disability, thus allowing history to consider that a disability reasonably leads to exclusion or marginalization. We come together because we are often marginalized amongst other marginalized groups and because we strongly believe that there is a need for the creation of a truly socially inclusive movement for the elimination of all forms of oppression and discrimination.<\/p>\n\n\n\n<p>We acknowledge the work performed by thousands of us which has aimed at making Qu\u00e9bec an inclusive society. We acknowledge the achievements and progress achieved during the last forty years. But despite any current achievements and progress, we have no choice but to realize that our basic rights are still being infringed. And that our right to participate, to partake in community life and social activities are constantly being threatened and are often hanging by a thread.<\/p>\n\n\n\n<p>We remember a time when we took to the streets in protest. We remember a time when we believed that future generations would not have to fight for the things we were, and are still, fighting for. We realize that the Quiet Revolution was a little too quiet for us. We never had our revolution.<\/p>\n\n\n\n<p>We are travelling more and more outside Qu\u00e9bec and are finding out that Qu\u00e9bec can change, that there can be a new Qu\u00e9bec. Our trips abroad bring us a little comfort and hope. We are now certain that our marginalization is not &#8216;normal&#8217; even though it is more often than not deemed to be.<\/p>\n\n\n\n<p>We challenge the segregation that is keeping us in inferior positions. This obvious yet subtle segregation creates a societal context in which it is difficult for us to question ourselves and to join forces in order to reply, react and protest.<\/p>\n\n\n\n<blockquote class=\"wp-block-quote is-layout-flow wp-block-quote-is-layout-flow\"><p><em>Our community is founded on deep and courageous ramifications.\u00a0<\/em><\/p><\/blockquote>\n\n\n\n<p>Our ideas and our principles are both local and universal.<\/p>\n\n\n\n<blockquote class=\"wp-block-quote is-layout-flow wp-block-quote-is-layout-flow\"><p><em>The limits of our dreams become no longer what they were.<\/em><\/p><\/blockquote>\n\n\n\n<p>Our duty is simple. We stand together in our refusal.<\/p>\n\n\n\n<p>Refusal to be knowingly segregated in separate systems. Refusal to ignore socially sponsored acts of exclusion. Refusal to remain silent under the pretence that our ideas are injurious to harmony and understanding of disability rights movement. Refusal to standardize our bodies and our minds in order to foster the emergence of a culture that values disability rather than stigmatizing it as being something negative and tragic. Refusal to patiently and naively wait for our turn, in a context of cut governmental spending.<\/p>\n\n\n\n<blockquote class=\"wp-block-quote is-layout-flow wp-block-quote-is-layout-flow\"><p><em>If our activities increase, it is because we feel the urgent need for solidarity.<\/em><\/p><\/blockquote>\n\n\n\n<p>We share our different fighting strategies. We create a space so that together, we can change Qu\u00e9bec.<\/p>\n\n\n\n<p>We, disabled activists or identified as such, get together with our allies to create a space where we can freely support each other, react, show up, respond and celebrate life. We join forces to pave the way to make Qu\u00e9bec an inclusive nation. We hereby undertake to strive to promote inclusion by every conceivable non-violent means of action and resistance. We have chosen to no longer condone the intolerable.<\/p>\n\n\n\n<p>We have elected to speak of exclusion because it is imperative to do so if we are to understand the concept of inclusion. We do not seek to stir up any discord between ourselves and our partners and friends, but rather to join and thereby to enrich associations representing disabled people by offering to give them an original, far-reaching and united voice.<\/p>\n\n\n\n<blockquote class=\"wp-block-quote is-layout-flow wp-block-quote-is-layout-flow\"><p><em><em>Let those who are inspired by this endeavour join us!<\/em><\/em><\/p><\/blockquote>\n\n\n\n<blockquote class=\"wp-block-quote is-layout-flow wp-block-quote-is-layout-flow\"><p><em><em>Until then, without surrender or rest, in community of feeling with those who thirst for better life, without fear of set-backs, in encouragement or persecution, we shall pursue in joy our overwhelming need for liberation.<\/em><\/em><\/p><\/blockquote>\n\n\n\n<p>We&#8217;re writing our own tale, we&#8217;re making history on our own. We&#8217;re organizing our own Revolution. We sign and seal our\u00a0<em>Refus Global<\/em>.<\/p>\n\n\n\n<p>Laurence Parent, for the RAPLIQ<\/p>\n\n\n\n<p>*The italics used herein mark quotes from the Refus Global Manifesto authored by Paul-\u00c9mile Borduas and published in 1948. This artistic Manifesto challenged traditional values and rejected the status quo then prevailing in Qu\u00e9bec society. Sixty-two years later, we unite and share the author&#8217;s fervour and firm belief: we are in need of a revolution.<\/p>\n<\/div><\/div>\n\n\n\n<p><\/p>\n\n\t<\/div>\n<\/div>\n\n<\/div>\n\n\n\n<p><\/p>\n\n<\/div>\n","protected":false},"excerpt":{"rendered":"<p>Our manifesto Our global refusal, Our revolutionary manifesto We are all 20th and 21st century people. Born here and there, we speak thousands of languages. We are rich and poor. Our loves are celebrated and tabooed. Our identities are multiple....<br \/><a href=\"https:\/\/rapliq.org\/en\/about-us\/our-manifesto\/\" class=\"read-more\">Read more <span class=\"sr-only\">about Our Manifesto<\/span><\/a><\/p>","protected":false},"author":1,"featured_media":15035,"parent":15288,"menu_order":5,"comment_status":"closed","ping_status":"closed","template":"","meta":{"footnotes":""},"class_list":["post-15291","page","type-page","status-publish","has-post-thumbnail","hentry"],"yoast_head":"<!-- This site is optimized with the Yoast SEO plugin v24.4 - https:\/\/yoast.com\/wordpress\/plugins\/seo\/ -->\n<title>Our Manifesto &#8211; RAPLIQ<\/title>\n<meta name=\"robots\" content=\"index, follow, max-snippet:-1, max-image-preview:large, max-video-preview:-1\" \/>\n<link rel=\"canonical\" href=\"https:\/\/rapliq.org\/a-propos\/manifeste\/\" \/>\n<meta property=\"og:locale\" content=\"en_US\" \/>\n<meta property=\"og:type\" content=\"article\" \/>\n<meta property=\"og:title\" content=\"Our Manifesto &#8211; RAPLIQ\" \/>\n<meta property=\"og:url\" content=\"https:\/\/rapliq.org\/a-propos\/manifeste\/\" \/>\n<meta property=\"og:site_name\" content=\"RAPLIQ\" \/>\n<meta property=\"article:publisher\" content=\"https:\/\/www.facebook.com\/LeRAPLIQ\/\" \/>\n<meta property=\"article:modified_time\" content=\"2020-05-01T17:55:49+00:00\" \/>\n<meta property=\"og:image\" content=\"https:\/\/rapliq.org\/wp-content\/uploads\/2020\/04\/abstract-black-and-white-blur-book-261763-scaled.jpg\" \/>\n\t<meta property=\"og:image:width\" content=\"2560\" \/>\n\t<meta property=\"og:image:height\" content=\"1700\" \/>\n\t<meta property=\"og:image:type\" content=\"image\/jpeg\" \/>\n<meta name=\"twitter:card\" content=\"summary_large_image\" \/>\n<meta name=\"twitter:site\" content=\"@rapliq_\" \/>\n<meta name=\"twitter:label1\" content=\"Est. reading time\" \/>\n\t<meta name=\"twitter:data1\" content=\"5 minutes\" \/>\n<script type=\"application\/ld+json\" class=\"yoast-schema-graph\">{\"@context\":\"https:\/\/schema.org\",\"@graph\":[{\"@type\":\"WebPage\",\"@id\":\"https:\/\/rapliq.org\/a-propos\/manifeste\/\",\"url\":\"https:\/\/rapliq.org\/a-propos\/manifeste\/\",\"name\":\"Our Manifesto &#8211; RAPLIQ\",\"isPartOf\":{\"@id\":\"https:\/\/rapliq.org\/#website\"},\"primaryImageOfPage\":{\"@id\":\"https:\/\/rapliq.org\/a-propos\/manifeste\/#primaryimage\"},\"image\":{\"@id\":\"https:\/\/rapliq.org\/a-propos\/manifeste\/#primaryimage\"},\"thumbnailUrl\":\"https:\/\/rapliq.org\/wp-content\/uploads\/2020\/04\/abstract-black-and-white-blur-book-261763-scaled.jpg\",\"datePublished\":\"2020-04-09T18:51:08+00:00\",\"dateModified\":\"2020-05-01T17:55:49+00:00\",\"breadcrumb\":{\"@id\":\"https:\/\/rapliq.org\/a-propos\/manifeste\/#breadcrumb\"},\"inLanguage\":\"en-US\",\"potentialAction\":[{\"@type\":\"ReadAction\",\"target\":[\"https:\/\/rapliq.org\/a-propos\/manifeste\/\"]}]},{\"@type\":\"ImageObject\",\"inLanguage\":\"en-US\",\"@id\":\"https:\/\/rapliq.org\/a-propos\/manifeste\/#primaryimage\",\"url\":\"https:\/\/rapliq.org\/wp-content\/uploads\/2020\/04\/abstract-black-and-white-blur-book-261763-scaled.jpg\",\"contentUrl\":\"https:\/\/rapliq.org\/wp-content\/uploads\/2020\/04\/abstract-black-and-white-blur-book-261763-scaled.jpg\",\"width\":2560,\"height\":1700},{\"@type\":\"BreadcrumbList\",\"@id\":\"https:\/\/rapliq.org\/a-propos\/manifeste\/#breadcrumb\",\"itemListElement\":[{\"@type\":\"ListItem\",\"position\":1,\"name\":\"Accueil\",\"item\":\"https:\/\/rapliq.org\/en\/\"},{\"@type\":\"ListItem\",\"position\":2,\"name\":\"About Us\",\"item\":\"https:\/\/rapliq.org\/a-propos\/\"},{\"@type\":\"ListItem\",\"position\":3,\"name\":\"Our Manifesto\"}]},{\"@type\":\"WebSite\",\"@id\":\"https:\/\/rapliq.org\/#website\",\"url\":\"https:\/\/rapliq.org\/\",\"name\":\"RAPLIQ\",\"description\":\"D\u00e9fense et revendication des droits des personnes en situation de handicap\",\"publisher\":{\"@id\":\"https:\/\/rapliq.org\/#organization\"},\"potentialAction\":[{\"@type\":\"SearchAction\",\"target\":{\"@type\":\"EntryPoint\",\"urlTemplate\":\"https:\/\/rapliq.org\/?s={search_term_string}\"},\"query-input\":{\"@type\":\"PropertyValueSpecification\",\"valueRequired\":true,\"valueName\":\"search_term_string\"}}],\"inLanguage\":\"en-US\"},{\"@type\":\"Organization\",\"@id\":\"https:\/\/rapliq.org\/#organization\",\"name\":\"Regroupement des activistes pour l\u2019inclusion au Qu\u00e9bec (RAPLIQ)\",\"url\":\"https:\/\/rapliq.org\/\",\"logo\":{\"@type\":\"ImageObject\",\"inLanguage\":\"en-US\",\"@id\":\"https:\/\/rapliq.org\/#\/schema\/logo\/image\/\",\"url\":\"https:\/\/rapliq.org\/wp-content\/uploads\/2020\/05\/logo.png\",\"contentUrl\":\"https:\/\/rapliq.org\/wp-content\/uploads\/2020\/05\/logo.png\",\"width\":450,\"height\":131,\"caption\":\"Regroupement des activistes pour l\u2019inclusion au Qu\u00e9bec (RAPLIQ)\"},\"image\":{\"@id\":\"https:\/\/rapliq.org\/#\/schema\/logo\/image\/\"},\"sameAs\":[\"https:\/\/www.facebook.com\/LeRAPLIQ\/\",\"https:\/\/x.com\/rapliq_\"]}]}<\/script>\n<!-- \/ Yoast SEO plugin. -->","yoast_head_json":{"title":"Our Manifesto &#8211; RAPLIQ","robots":{"index":"index","follow":"follow","max-snippet":"max-snippet:-1","max-image-preview":"max-image-preview:large","max-video-preview":"max-video-preview:-1"},"canonical":"https:\/\/rapliq.org\/a-propos\/manifeste\/","og_locale":"en_US","og_type":"article","og_title":"Our Manifesto &#8211; RAPLIQ","og_url":"https:\/\/rapliq.org\/a-propos\/manifeste\/","og_site_name":"RAPLIQ","article_publisher":"https:\/\/www.facebook.com\/LeRAPLIQ\/","article_modified_time":"2020-05-01T17:55:49+00:00","og_image":[{"width":2560,"height":1700,"url":"https:\/\/rapliq.org\/wp-content\/uploads\/2020\/04\/abstract-black-and-white-blur-book-261763-scaled.jpg","type":"image\/jpeg"}],"twitter_card":"summary_large_image","twitter_site":"@rapliq_","twitter_misc":{"Est. reading time":"5 minutes"},"schema":{"@context":"https:\/\/schema.org","@graph":[{"@type":"WebPage","@id":"https:\/\/rapliq.org\/a-propos\/manifeste\/","url":"https:\/\/rapliq.org\/a-propos\/manifeste\/","name":"Our Manifesto &#8211; RAPLIQ","isPartOf":{"@id":"https:\/\/rapliq.org\/#website"},"primaryImageOfPage":{"@id":"https:\/\/rapliq.org\/a-propos\/manifeste\/#primaryimage"},"image":{"@id":"https:\/\/rapliq.org\/a-propos\/manifeste\/#primaryimage"},"thumbnailUrl":"https:\/\/rapliq.org\/wp-content\/uploads\/2020\/04\/abstract-black-and-white-blur-book-261763-scaled.jpg","datePublished":"2020-04-09T18:51:08+00:00","dateModified":"2020-05-01T17:55:49+00:00","breadcrumb":{"@id":"https:\/\/rapliq.org\/a-propos\/manifeste\/#breadcrumb"},"inLanguage":"en-US","potentialAction":[{"@type":"ReadAction","target":["https:\/\/rapliq.org\/a-propos\/manifeste\/"]}]},{"@type":"ImageObject","inLanguage":"en-US","@id":"https:\/\/rapliq.org\/a-propos\/manifeste\/#primaryimage","url":"https:\/\/rapliq.org\/wp-content\/uploads\/2020\/04\/abstract-black-and-white-blur-book-261763-scaled.jpg","contentUrl":"https:\/\/rapliq.org\/wp-content\/uploads\/2020\/04\/abstract-black-and-white-blur-book-261763-scaled.jpg","width":2560,"height":1700},{"@type":"BreadcrumbList","@id":"https:\/\/rapliq.org\/a-propos\/manifeste\/#breadcrumb","itemListElement":[{"@type":"ListItem","position":1,"name":"Accueil","item":"https:\/\/rapliq.org\/en\/"},{"@type":"ListItem","position":2,"name":"About Us","item":"https:\/\/rapliq.org\/a-propos\/"},{"@type":"ListItem","position":3,"name":"Our Manifesto"}]},{"@type":"WebSite","@id":"https:\/\/rapliq.org\/#website","url":"https:\/\/rapliq.org\/","name":"RAPLIQ","description":"D\u00e9fense et revendication des droits des personnes en situation de handicap","publisher":{"@id":"https:\/\/rapliq.org\/#organization"},"potentialAction":[{"@type":"SearchAction","target":{"@type":"EntryPoint","urlTemplate":"https:\/\/rapliq.org\/?s={search_term_string}"},"query-input":{"@type":"PropertyValueSpecification","valueRequired":true,"valueName":"search_term_string"}}],"inLanguage":"en-US"},{"@type":"Organization","@id":"https:\/\/rapliq.org\/#organization","name":"Regroupement des activistes pour l\u2019inclusion au Qu\u00e9bec (RAPLIQ)","url":"https:\/\/rapliq.org\/","logo":{"@type":"ImageObject","inLanguage":"en-US","@id":"https:\/\/rapliq.org\/#\/schema\/logo\/image\/","url":"https:\/\/rapliq.org\/wp-content\/uploads\/2020\/05\/logo.png","contentUrl":"https:\/\/rapliq.org\/wp-content\/uploads\/2020\/05\/logo.png","width":450,"height":131,"caption":"Regroupement des activistes pour l\u2019inclusion au Qu\u00e9bec (RAPLIQ)"},"image":{"@id":"https:\/\/rapliq.org\/#\/schema\/logo\/image\/"},"sameAs":["https:\/\/www.facebook.com\/LeRAPLIQ\/","https:\/\/x.com\/rapliq_"]}]}},"_links":{"self":[{"href":"https:\/\/rapliq.org\/en\/wp-json\/wp\/v2\/pages\/15291","targetHints":{"allow":["GET"]}}],"collection":[{"href":"https:\/\/rapliq.org\/en\/wp-json\/wp\/v2\/pages"}],"about":[{"href":"https:\/\/rapliq.org\/en\/wp-json\/wp\/v2\/types\/page"}],"author":[{"embeddable":true,"href":"https:\/\/rapliq.org\/en\/wp-json\/wp\/v2\/users\/1"}],"replies":[{"embeddable":true,"href":"https:\/\/rapliq.org\/en\/wp-json\/wp\/v2\/comments?post=15291"}],"version-history":[{"count":3,"href":"https:\/\/rapliq.org\/en\/wp-json\/wp\/v2\/pages\/15291\/revisions"}],"predecessor-version":[{"id":16354,"href":"https:\/\/rapliq.org\/en\/wp-json\/wp\/v2\/pages\/15291\/revisions\/16354"}],"up":[{"embeddable":true,"href":"https:\/\/rapliq.org\/en\/wp-json\/wp\/v2\/pages\/15288"}],"wp:featuredmedia":[{"embeddable":true,"href":"https:\/\/rapliq.org\/en\/wp-json\/wp\/v2\/media\/15035"}],"wp:attachment":[{"href":"https:\/\/rapliq.org\/en\/wp-json\/wp\/v2\/media?parent=15291"}],"curies":[{"name":"wp","href":"https:\/\/api.w.org\/{rel}","templated":true}]}}