{"id":15064,"date":"2020-04-07T22:15:01","date_gmt":"2020-04-08T02:15:01","guid":{"rendered":"https:\/\/rapliq.org\/?page_id=15064"},"modified":"2026-04-20T16:10:31","modified_gmt":"2026-04-20T20:10:31","slug":"rapliq","status":"publish","type":"page","link":"https:\/\/rapliq.org\/en\/","title":{"rendered":"RAPLIQ"},"content":{"rendered":"\n<div class=\"wp-block-cover is-light\" style=\"min-height:900px;aspect-ratio:unset;\"><span aria-hidden=\"true\" class=\"wp-block-cover__background has-blue-background-color has-background-dim-60 has-background-dim\"><\/span><img loading=\"lazy\" decoding=\"async\" width=\"1920\" height=\"1289\" class=\"wp-block-cover__image-background wp-image-9\" src=\"https:\/\/rapliq.org\/wp-content\/uploads\/2020\/03\/banner.jpg\" style=\"object-position:50% 0%\" data-object-fit=\"cover\" data-object-position=\"50% 0%\" srcset=\"https:\/\/rapliq.org\/wp-content\/uploads\/2020\/03\/banner.jpg 1920w, https:\/\/rapliq.org\/wp-content\/uploads\/2020\/03\/banner-800x537.jpg 800w, https:\/\/rapliq.org\/wp-content\/uploads\/2020\/03\/banner-1600x1074.jpg 1600w, https:\/\/rapliq.org\/wp-content\/uploads\/2020\/03\/banner-768x516.jpg 768w, https:\/\/rapliq.org\/wp-content\/uploads\/2020\/03\/banner-1536x1031.jpg 1536w\" sizes=\"auto, (max-width: 1920px) 100vw, 1920px\" \/><div class=\"wp-block-cover__inner-container is-layout-flow wp-block-cover-is-layout-flow\">\n<div class=\"wp-block-group text-center\"><div class=\"wp-block-group__inner-container is-layout-flow wp-block-group-is-layout-flow\">\n<h1 class=\"wp-block-heading red-title\">RAPLIQ<\/h1>\n\n\n\n<h2 class=\"wp-block-heading has-white-color has-text-color has-link-color wp-elements-e9ccb99b66b5adabf08166d3be904743\"><strong>Support and advocacy in defense of the rights of people with disabilities (PWD)<\/strong><\/h2>\n\n\n\n<p class=\"has-white-color has-text-color has-link-color wp-elements-4e54162869660d433f92a3dab832f2d3\">TOGETHER, WE CAN CHANGE THINGS!<\/p>\n<\/div><\/div>\n\n\n<div class=\"text-center\">    <a href=\"https:\/\/www.simplyk.io\/donation\/5ea6c0d279ee6700287d326f\" class=\"btn aligncenter btn-outline light\"  target=\"_blank\">\n        Make a donation    <\/a>\n<\/div>\n\n\n<div class=\"text-center\">    <a href=\"https:\/\/linktr.ee\/RAPLIQ\" class=\"btn mt-4 aligncenter btn-outline light\"  target=\"_blank\">\n        Join us on Linktree    <\/a>\n<\/div>\n<\/div><\/div>\n\n\n<div class=\"wp-bootstrap-blocks-container container mb-5 cta-blocks-section\">\n\t\n<div class=\"wp-bootstrap-blocks-row row\">\n\t\n\n<div class=\"col-12 col-md-6 mb-5 mb-lg-0\">\n\t<div class=\"h-100\">\n\t\t\n<div id=\"cta-block_5e74e0e01fddb\" class=\"cta-block gold\">\n\n\t        <div class=\"cta-block-icon\">\n            <img decoding=\"async\" src=\"https:\/\/rapliq.org\/wp-content\/uploads\/2020\/03\/icon-sheild-1.svg\" alt=\"\">\n        <\/div>\n\t\n    <h2 class=\"cta-block-title\">\n\t\tRAPLIQ supports    <\/h2>\n\n            <p class=\"cta-block-content\">\n\t\t\tRAPLIQ is a Quebec-wide organization that supports and assists people with disabilities who are victims of discrimination to defend and claim their rights and to promote them by aiming to eradicate this discrimination too often made against them.        <\/p>\n\t\n            <div class=\"cta-block-link\">\n            <a href=\"http:\/\/rapliq.org\/en\/about-us\/\" class=\"btn btn-outline \" target=\"\">\n\t\t\t\tLearn more\n\t\t\t\t                    <span class=\"sr-only\">\n                        about RAPLIQ supports                    <\/span>\n\t\t\t\t            <\/a>\n        <\/div>\n\t<\/div>\n\n\n\n\n<p><\/p>\n\n\t<\/div>\n<\/div>\n\n\n\n<div class=\"col-12 col-md-6 mb-5 mb-lg-0\">\n\t<div class=\"h-100\">\n\t\t\n<div id=\"cta-block_5e74e0e61fddc\" class=\"cta-block blue\">\n\n\t        <div class=\"cta-block-icon\">\n            <img decoding=\"async\" src=\"https:\/\/rapliq.org\/wp-content\/uploads\/2020\/03\/icon-sheild-2.svg\" alt=\"\">\n        <\/div>\n\t\n    <h2 class=\"cta-block-title\">\n\t\tRAPLIQ claims    <\/h2>\n\n            <p class=\"cta-block-content\">\n\t\t\tThe accessibility of all buildings receiving the public, particularly the clinics of general practitioners or other specialists, shelters for women victims of violence, polling stations for each election, a reform of the Quebec Construction Code as well as the withdrawal of the exemptions linked to the accessibility obligations of the R\u00e9gie du B\u00e2timent du Qu\u00e9bec.        <\/p>\n\t\n            <div class=\"cta-block-link\">\n            <a href=\"http:\/\/rapliq.org\/en\/category\/claims\/\" class=\"btn btn-outline light\" target=\"\">\n\t\t\t\tSee our claims\n\t\t\t\t            <\/a>\n        <\/div>\n\t<\/div>\n\n\n\t<\/div>\n<\/div>\n\n<\/div>\n\n\n\n<p><\/p>\n\n<\/div>\n\n\n<div id=\"cta-block_5e7505a2a17a6\" class=\"img-text-block-section my-5\">\n    <div class=\"container\">\n        <div class=\"row \">\n            <div class=\"col-lg-6\">\n\t\t\t\t                    <div class=\"img-text-block-image\" style=\"background-image: url(https:\/\/rapliq.org\/wp-content\/uploads\/2020\/03\/pexels-photo-3280130.jpg);\">\n                    <\/div>\n\t\t\t\t            <\/div>\n            <div class=\"col-lg-6\">\n                <div class=\"img-text-block-content\">\n                    <h2 class=\"img-text-block-content-title\">\n\t\t\t\t\t\tOur manifesto                    <\/h2>\n\n\t\t\t\t\t                        <h3 class=\"img-text-block-content-subtitle\">\n\t\t\t\t\t\t\tOur Global Refusal, our revolutionary manifesto                        <\/h3>\n\t\t\t\t\t\n\t\t\t\t\t                        <p class=\"img-text-block-content-text\">\n                            <p>We are all from the 20th and 21st century. We were born here and elsewhere. We speak thousands of languages. We are rich and poor. Our loves are celebrated and taboo. We have multiple identities. Our voices are plural. We live in a land today called Quebec and we show solidarity beyond all borders. We are visible and invisible. Many of us carry the stigma of the disabled because of the difference in our bodies and minds compared to the standards often perceived as natural, ideal and imperative.<\/p>\n<p>We fight so that our visible and often invisible differences are recognized and valued in order to live without the breathless and oppressive task.<\/p>\n                        <\/p>\n\t\t\t\t\t\n\t\t\t\t\t                        <div class=\"img-text-block-content-link\">\n                            <a href=\"http:\/\/rapliq.org\/en\/about-us\/our-manifesto\/\" class=\"link-arrow\" target=\"\">\n\t\t\t\t\t\t\t\tRead more\n\t\t\t\t\t\t\t\t                                    <span class=\"sr-only\">\n                                        about Our manifesto                                    <\/span>\n\t\t\t\t\t\t\t\t                            <\/a>\n                        <\/div>\n\t\t\t\t\t                <\/div>\n            <\/div>\n        <\/div>\n    <\/div>\n<\/div>\n\n\n\n<div class=\"wp-block-cover is-light has-parallax\"><span aria-hidden=\"true\" class=\"wp-block-cover__background has-blue-background-color has-background-dim-80 has-background-dim\"><\/span><div class=\"wp-block-cover__image-background wp-image-14858 has-parallax\" style=\"background-position:50% 50%;background-image:url(https:\/\/rapliq.org\/wp-content\/uploads\/2010\/09\/groupe-dimanche.jpg)\"><\/div><div class=\"wp-block-cover__inner-container is-layout-flow wp-block-cover-is-layout-flow\">\n<div class=\"wp-block-group\"><div class=\"wp-block-group__inner-container is-layout-flow wp-block-group-is-layout-flow\">\n<h2 class=\"wp-block-heading has-text-align-center has-white-color has-text-color has-link-color wp-elements-82caecf591309637b6e78ed9666caf94\">Become a member of RAPLIQ<\/h2>\n\n\n\n<p class=\"has-text-align-center has-white-color has-text-color has-link-color wp-elements-f647333489472186431f566574b80a0e\">Campaign with us for an inclusive Quebec!<\/p>\n\n\n<div class=\"text-center\">    <a href=\"http:\/\/rapliq.org\/en\/about-us\/become-a-member\/\" class=\"btn aligncenter btn-outline light\"  target=\"\">\n        Become a member    <\/a>\n<\/div>\n<\/div><\/div>\n<\/div><\/div>\n\n\n\n\n    <div id=\"latest-news-block_5e7cf60c9ef5c\" class=\"latest-news-section\">\n\n        <div class=\"container\">\n            <div class=\"row\">\n                <div class=\"col-12 text-center\">\n                    <h2 class=\"latest-news-section-title\">\n\t\t\t\t\t\tStay tuned                    <\/h2>\n                    <h3 class=\"latest-news-section-subtitle\">\n                        Latest News                    <\/h3>\n                <\/div>\n            <\/div>\n\n            <div class=\"row mt-5\">\n                                    <div class=\"col-lg-4 mb-5\">\n\n                        <div class=\"news-item\">\n        <div class=\"news-item-thumbnail\" style=\"background-image: url('https:\/\/rapliq.org\/wp-content\/themes\/ekloweb\/dist\/img\/thumb-generic.jpg')\"><\/div>\n    <div class=\"news-item-content\">\n        <h3 class=\"news-item-title\">\n            RAPLIQ Statement on Bill 103: Toward a Safe and Inclusive Coexistence        <\/h3>\n        <span class=\"news-item-date\">\n            April 20th 2026        <\/span>\n        <div class=\"news-item-excerpt\">\n            <p>251029 &#8211; Statement &#8211; PL103 &#8211; RAPLIQ October 29, 2025 &#8211; The Coalition of Activists for Inclusion in Quebec (RAPLIQ) recognizes the human and social value of supervised consumption sites (SCS). These sites save lives, reduce the risk of overdose,&#8230;<br \/><a href=\"https:\/\/rapliq.org\/en\/rapliq-statement-on-bill-103-toward-a-safe-and-inclusive-coexistence\/\" class=\"read-more\">Read more <span class=\"sr-only\">about RAPLIQ Statement on Bill 103: Toward a Safe and Inclusive Coexistence<\/span><\/a><\/p>        <\/div>\n    <\/div>\n<\/div>\n\n                    <\/div>\n                                    <div class=\"col-lg-4 mb-5\">\n\n                        <div class=\"news-item\">\n        <div class=\"news-item-thumbnail\" style=\"background-image: url('https:\/\/rapliq.org\/wp-content\/themes\/ekloweb\/dist\/img\/thumb-generic.jpg')\"><\/div>\n    <div class=\"news-item-content\">\n        <h3 class=\"news-item-title\">\n            New provincial home care services policy 2026        <\/h3>\n        <span class=\"news-item-date\">\n            February 3rd 2026        <\/span>\n        <div class=\"news-item-excerpt\">\n            <p>260202 &#8211; Position &#8211; EN &#8211; SAD &#8211; RAPLIQ&#8230;<br \/><a href=\"https:\/\/rapliq.org\/en\/new-provincial-home-care-services-policy-2026\/\" class=\"read-more\">Read more <span class=\"sr-only\">about New provincial home care services policy 2026<\/span><\/a><\/p>        <\/div>\n    <\/div>\n<\/div>\n\n                    <\/div>\n                                    <div class=\"col-lg-4 mb-5\">\n\n                        <div class=\"news-item\">\n        <div class=\"news-item-thumbnail\" style=\"background-image: url('https:\/\/rapliq.org\/wp-content\/themes\/ekloweb\/dist\/img\/thumb-generic.jpg')\"><\/div>\n    <div class=\"news-item-content\">\n        <h3 class=\"news-item-title\">\n            To download our 2024-2025 annual report:        <\/h3>\n        <span class=\"news-item-date\">\n            June 2nd 2025        <\/span>\n        <div class=\"news-item-excerpt\">\n            <p>To download our 2024-2025 annual report:Activity report 24-25&#8230;<br \/><a href=\"https:\/\/rapliq.org\/en\/to-download-our2024-2025-annual-report\/\" class=\"read-more\">Read more <span class=\"sr-only\">about To download our 2024-2025 annual report:<\/span><\/a><\/p>        <\/div>\n    <\/div>\n<\/div>\n\n                    <\/div>\n                            <\/div>\n\n                            <div class=\"row mt-5\">\n                    <div class=\"col-12 text-center\">\n                        <a href=\"https:\/\/rapliq.org\/en\/news\/\" class=\"btn\">Show all news<\/a>\n                    <\/div>\n                <\/div>\n                    <\/div>\n    <\/div>\n\n\n\n\n\n\n<div class=\"wp-block-cover is-light pb-5\"><span aria-hidden=\"true\" class=\"wp-block-cover__background has-gray-extra-light-background-color has-background-dim-100 has-background-dim\"><\/span><div class=\"wp-block-cover__inner-container is-layout-flow wp-block-cover-is-layout-flow\">\n<div class=\"wp-block-group text-center mb-5\"><div class=\"wp-block-group__inner-container is-layout-flow wp-block-group-is-layout-flow\">\n<h2 class=\"wp-block-heading has-text-align-center red-title has-blue-color has-text-color\">Our partners<\/h2>\n\n\n\n<h3 class=\"wp-block-heading has-text-align-center has-blue-color has-text-color\">Thank you to our partners<br>for their precious support!<\/h3>\n<\/div><\/div>\n\n\n<div class=\"wp-block-image\">\n<figure class=\"aligncenter size-large\"><a href=\"https:\/\/www.antidote.info?utm_source=web&amp;utm_medium=banner&amp;utm_campaign=RAPLIQ&amp;utm_term=Antidote&amp;utm_content=banniere\" target=\"_blank\"><img loading=\"lazy\" decoding=\"async\" width=\"1456\" height=\"180\" src=\"https:\/\/rapliq.org\/wp-content\/uploads\/2020\/06\/antidote.png\" alt=\"Antidote - Soignez votre langue - Windows, Mac, Linux\" class=\"wp-image-16427\" srcset=\"https:\/\/rapliq.org\/wp-content\/uploads\/2020\/06\/antidote.png 1456w, https:\/\/rapliq.org\/wp-content\/uploads\/2020\/06\/antidote-800x99.png 800w, https:\/\/rapliq.org\/wp-content\/uploads\/2020\/06\/antidote-768x95.png 768w\" sizes=\"auto, (max-width: 1456px) 100vw, 1456px\" \/><\/a><\/figure><\/div>\n\n\n<div class=\"wp-block-columns are-vertically-aligned-center is-layout-flex wp-container-core-columns-is-layout-1 wp-block-columns-is-layout-flex\">\n<div class=\"wp-block-column is-vertically-aligned-center is-layout-flow wp-block-column-is-layout-flow\"><div class=\"wp-block-image\">\n<figure class=\"aligncenter size-large is-resized\"><a href=\"https:\/\/www.mtess.gouv.qc.ca\/sacais\/\" target=\"_blank\" rel=\"noreferrer noopener\"><img loading=\"lazy\" decoding=\"async\" width=\"1035\" height=\"532\" src=\"https:\/\/rapliq.org\/wp-content\/uploads\/2020\/06\/IMG_4378.jpg\" alt=\"Scr\u00e9tariat \u00e0 l'action communautaire autonome et aux initiative sociales\" class=\"wp-image-16448\" style=\"width:300px;height:162px\" srcset=\"https:\/\/rapliq.org\/wp-content\/uploads\/2020\/06\/IMG_4378.jpg 1035w, https:\/\/rapliq.org\/wp-content\/uploads\/2020\/06\/IMG_4378-800x411.jpg 800w, https:\/\/rapliq.org\/wp-content\/uploads\/2020\/06\/IMG_4378-768x395.jpg 768w\" sizes=\"auto, (max-width: 1035px) 100vw, 1035px\" \/><\/a><\/figure><\/div><\/div>\n\n\n\n<div class=\"wp-block-column is-vertically-aligned-center is-layout-flow wp-block-column-is-layout-flow\"><div class=\"wp-block-image\">\n<figure class=\"aligncenter size-large is-resized\"><a href=\"https:\/\/canalm.vuesetvoix.com\/\" target=\"_blank\" rel=\"noreferrer noopener\"><img decoding=\"async\" src=\"https:\/\/rapliq.org\/wp-content\/uploads\/2020\/03\/logo.png\" alt=\"Canal M - La radio de Vues et Voix\" class=\"wp-image-145\" style=\"width:250px;height:79px\"\/><\/a><\/figure><\/div><\/div>\n<\/div>\n\n\n<div class=\"text-center\">    <a href=\"http:\/\/rapliq.org\/en\/about-us\/our-partners\/\" class=\"btn aligncenter default blue\"  target=\"\">\n        See all our partners    <\/a>\n<\/div>\n<\/div><\/div>\n","protected":false},"excerpt":{"rendered":"<p>RAPLIQ Support and advocacy in defense of the rights of people with disabilities (PWD) TOGETHER, WE CAN CHANGE THINGS! Become a member of RAPLIQ Campaign with us for an inclusive Quebec! Our partners Thank you to our partnersfor their precious...<br \/><a href=\"https:\/\/rapliq.org\/en\/\" class=\"read-more\">Read more <span class=\"sr-only\">about RAPLIQ<\/span><\/a><\/p>","protected":false},"author":1,"featured_media":14850,"parent":0,"menu_order":0,"comment_status":"closed","ping_status":"closed","template":"","meta":{"footnotes":""},"class_list":["post-15064","page","type-page","status-publish","has-post-thumbnail","hentry"],"yoast_head":"<!-- This site is optimized with the Yoast SEO plugin v24.4 - https:\/\/yoast.com\/wordpress\/plugins\/seo\/ -->\n<title>RAPLIQ &#8211; RAPLIQ<\/title>\n<meta name=\"robots\" content=\"index, follow, max-snippet:-1, max-image-preview:large, max-video-preview:-1\" \/>\n<link rel=\"canonical\" href=\"https:\/\/rapliq.org\/en\/\" \/>\n<meta property=\"og:locale\" content=\"en_US\" \/>\n<meta property=\"og:type\" content=\"article\" \/>\n<meta property=\"og:title\" content=\"RAPLIQ &#8211; RAPLIQ\" \/>\n<meta property=\"og:url\" content=\"https:\/\/rapliq.org\/en\/\" \/>\n<meta property=\"og:site_name\" content=\"RAPLIQ\" \/>\n<meta property=\"article:publisher\" content=\"https:\/\/www.facebook.com\/LeRAPLIQ\/\" \/>\n<meta property=\"article:modified_time\" content=\"2026-04-20T20:10:31+00:00\" \/>\n<meta property=\"og:image\" content=\"https:\/\/rapliq.org\/wp-content\/uploads\/2020\/03\/banner.jpg\" \/>\n\t<meta property=\"og:image:width\" content=\"1920\" \/>\n\t<meta property=\"og:image:height\" content=\"1289\" \/>\n\t<meta property=\"og:image:type\" content=\"image\/jpeg\" \/>\n<meta name=\"twitter:card\" content=\"summary_large_image\" \/>\n<meta name=\"twitter:site\" content=\"@rapliq_\" \/>\n<script type=\"application\/ld+json\" class=\"yoast-schema-graph\">{\"@context\":\"https:\/\/schema.org\",\"@graph\":[{\"@type\":\"WebPage\",\"@id\":\"https:\/\/rapliq.org\/en\/\",\"url\":\"https:\/\/rapliq.org\/en\/\",\"name\":\"RAPLIQ &#8211; RAPLIQ\",\"isPartOf\":{\"@id\":\"https:\/\/rapliq.org\/#website\"},\"primaryImageOfPage\":{\"@id\":\"https:\/\/rapliq.org\/en\/#primaryimage\"},\"image\":{\"@id\":\"https:\/\/rapliq.org\/en\/#primaryimage\"},\"thumbnailUrl\":\"https:\/\/rapliq.org\/wp-content\/uploads\/2020\/03\/banner.jpg\",\"datePublished\":\"2020-04-08T02:15:01+00:00\",\"dateModified\":\"2026-04-20T20:10:31+00:00\",\"breadcrumb\":{\"@id\":\"https:\/\/rapliq.org\/en\/#breadcrumb\"},\"inLanguage\":\"en-US\",\"potentialAction\":[{\"@type\":\"ReadAction\",\"target\":[\"https:\/\/rapliq.org\/en\/\"]}]},{\"@type\":\"ImageObject\",\"inLanguage\":\"en-US\",\"@id\":\"https:\/\/rapliq.org\/en\/#primaryimage\",\"url\":\"https:\/\/rapliq.org\/wp-content\/uploads\/2020\/03\/banner.jpg\",\"contentUrl\":\"https:\/\/rapliq.org\/wp-content\/uploads\/2020\/03\/banner.jpg\",\"width\":1920,\"height\":1289},{\"@type\":\"BreadcrumbList\",\"@id\":\"https:\/\/rapliq.org\/en\/#breadcrumb\",\"itemListElement\":[{\"@type\":\"ListItem\",\"position\":1,\"name\":\"Accueil\",\"item\":\"https:\/\/rapliq.org\/en\/\"},{\"@type\":\"ListItem\",\"position\":2,\"name\":\"RAPLIQ\"}]},{\"@type\":\"WebSite\",\"@id\":\"https:\/\/rapliq.org\/#website\",\"url\":\"https:\/\/rapliq.org\/\",\"name\":\"RAPLIQ\",\"description\":\"D\u00e9fense et revendication des droits des personnes en situation de handicap\",\"publisher\":{\"@id\":\"https:\/\/rapliq.org\/#organization\"},\"potentialAction\":[{\"@type\":\"SearchAction\",\"target\":{\"@type\":\"EntryPoint\",\"urlTemplate\":\"https:\/\/rapliq.org\/?s={search_term_string}\"},\"query-input\":{\"@type\":\"PropertyValueSpecification\",\"valueRequired\":true,\"valueName\":\"search_term_string\"}}],\"inLanguage\":\"en-US\"},{\"@type\":\"Organization\",\"@id\":\"https:\/\/rapliq.org\/#organization\",\"name\":\"Regroupement des activistes pour l\u2019inclusion au Qu\u00e9bec (RAPLIQ)\",\"url\":\"https:\/\/rapliq.org\/\",\"logo\":{\"@type\":\"ImageObject\",\"inLanguage\":\"en-US\",\"@id\":\"https:\/\/rapliq.org\/#\/schema\/logo\/image\/\",\"url\":\"https:\/\/rapliq.org\/wp-content\/uploads\/2020\/05\/logo.png\",\"contentUrl\":\"https:\/\/rapliq.org\/wp-content\/uploads\/2020\/05\/logo.png\",\"width\":450,\"height\":131,\"caption\":\"Regroupement des activistes pour l\u2019inclusion au Qu\u00e9bec (RAPLIQ)\"},\"image\":{\"@id\":\"https:\/\/rapliq.org\/#\/schema\/logo\/image\/\"},\"sameAs\":[\"https:\/\/www.facebook.com\/LeRAPLIQ\/\",\"https:\/\/x.com\/rapliq_\"]}]}<\/script>\n<!-- \/ Yoast SEO plugin. -->","yoast_head_json":{"title":"RAPLIQ &#8211; RAPLIQ","robots":{"index":"index","follow":"follow","max-snippet":"max-snippet:-1","max-image-preview":"max-image-preview:large","max-video-preview":"max-video-preview:-1"},"canonical":"https:\/\/rapliq.org\/en\/","og_locale":"en_US","og_type":"article","og_title":"RAPLIQ &#8211; RAPLIQ","og_url":"https:\/\/rapliq.org\/en\/","og_site_name":"RAPLIQ","article_publisher":"https:\/\/www.facebook.com\/LeRAPLIQ\/","article_modified_time":"2026-04-20T20:10:31+00:00","og_image":[{"width":1920,"height":1289,"url":"https:\/\/rapliq.org\/wp-content\/uploads\/2020\/03\/banner.jpg","type":"image\/jpeg"}],"twitter_card":"summary_large_image","twitter_site":"@rapliq_","schema":{"@context":"https:\/\/schema.org","@graph":[{"@type":"WebPage","@id":"https:\/\/rapliq.org\/en\/","url":"https:\/\/rapliq.org\/en\/","name":"RAPLIQ &#8211; RAPLIQ","isPartOf":{"@id":"https:\/\/rapliq.org\/#website"},"primaryImageOfPage":{"@id":"https:\/\/rapliq.org\/en\/#primaryimage"},"image":{"@id":"https:\/\/rapliq.org\/en\/#primaryimage"},"thumbnailUrl":"https:\/\/rapliq.org\/wp-content\/uploads\/2020\/03\/banner.jpg","datePublished":"2020-04-08T02:15:01+00:00","dateModified":"2026-04-20T20:10:31+00:00","breadcrumb":{"@id":"https:\/\/rapliq.org\/en\/#breadcrumb"},"inLanguage":"en-US","potentialAction":[{"@type":"ReadAction","target":["https:\/\/rapliq.org\/en\/"]}]},{"@type":"ImageObject","inLanguage":"en-US","@id":"https:\/\/rapliq.org\/en\/#primaryimage","url":"https:\/\/rapliq.org\/wp-content\/uploads\/2020\/03\/banner.jpg","contentUrl":"https:\/\/rapliq.org\/wp-content\/uploads\/2020\/03\/banner.jpg","width":1920,"height":1289},{"@type":"BreadcrumbList","@id":"https:\/\/rapliq.org\/en\/#breadcrumb","itemListElement":[{"@type":"ListItem","position":1,"name":"Accueil","item":"https:\/\/rapliq.org\/en\/"},{"@type":"ListItem","position":2,"name":"RAPLIQ"}]},{"@type":"WebSite","@id":"https:\/\/rapliq.org\/#website","url":"https:\/\/rapliq.org\/","name":"RAPLIQ","description":"D\u00e9fense et revendication des droits des personnes en situation de handicap","publisher":{"@id":"https:\/\/rapliq.org\/#organization"},"potentialAction":[{"@type":"SearchAction","target":{"@type":"EntryPoint","urlTemplate":"https:\/\/rapliq.org\/?s={search_term_string}"},"query-input":{"@type":"PropertyValueSpecification","valueRequired":true,"valueName":"search_term_string"}}],"inLanguage":"en-US"},{"@type":"Organization","@id":"https:\/\/rapliq.org\/#organization","name":"Regroupement des activistes pour l\u2019inclusion au Qu\u00e9bec (RAPLIQ)","url":"https:\/\/rapliq.org\/","logo":{"@type":"ImageObject","inLanguage":"en-US","@id":"https:\/\/rapliq.org\/#\/schema\/logo\/image\/","url":"https:\/\/rapliq.org\/wp-content\/uploads\/2020\/05\/logo.png","contentUrl":"https:\/\/rapliq.org\/wp-content\/uploads\/2020\/05\/logo.png","width":450,"height":131,"caption":"Regroupement des activistes pour l\u2019inclusion au Qu\u00e9bec (RAPLIQ)"},"image":{"@id":"https:\/\/rapliq.org\/#\/schema\/logo\/image\/"},"sameAs":["https:\/\/www.facebook.com\/LeRAPLIQ\/","https:\/\/x.com\/rapliq_"]}]}},"_links":{"self":[{"href":"https:\/\/rapliq.org\/en\/wp-json\/wp\/v2\/pages\/15064","targetHints":{"allow":["GET"]}}],"collection":[{"href":"https:\/\/rapliq.org\/en\/wp-json\/wp\/v2\/pages"}],"about":[{"href":"https:\/\/rapliq.org\/en\/wp-json\/wp\/v2\/types\/page"}],"author":[{"embeddable":true,"href":"https:\/\/rapliq.org\/en\/wp-json\/wp\/v2\/users\/1"}],"replies":[{"embeddable":true,"href":"https:\/\/rapliq.org\/en\/wp-json\/wp\/v2\/comments?post=15064"}],"version-history":[{"count":10,"href":"https:\/\/rapliq.org\/en\/wp-json\/wp\/v2\/pages\/15064\/revisions"}],"predecessor-version":[{"id":17366,"href":"https:\/\/rapliq.org\/en\/wp-json\/wp\/v2\/pages\/15064\/revisions\/17366"}],"wp:featuredmedia":[{"embeddable":true,"href":"https:\/\/rapliq.org\/en\/wp-json\/wp\/v2\/media\/14850"}],"wp:attachment":[{"href":"https:\/\/rapliq.org\/en\/wp-json\/wp\/v2\/media?parent=15064"}],"curies":[{"name":"wp","href":"https:\/\/api.w.org\/{rel}","templated":true}]}}